{"id":2970,"date":"2017-05-13T00:42:37","date_gmt":"2017-05-13T00:42:37","guid":{"rendered":"https:\/\/hotelonyx.rs\/about\/"},"modified":"2025-04-28T18:31:15","modified_gmt":"2025-04-28T18:31:15","slug":"about","status":"publish","type":"page","link":"https:\/\/hotelonyx.rs\/sq\/about\/","title":{"rendered":"Rreth Nesh"},"content":{"rendered":"<div class=\"wpb-content-wrapper\"><p>[vc_row full_width=&#8221;stretch_row_content&#8221; css=&#8221;.vc_custom_1477926378383{padding-right: 30px !important;padding-left: 30px !important;}&#8221;][vc_column width=&#8221;1\/2&#8243;][vc_row_inner][vc_column_inner][vc_custom_heading text=&#8221;Rreth Hotelit&#8221; font_container=&#8221;tag:h3|text_align:left|color:%23252525&#8243; use_theme_fonts=&#8221;yes&#8221; css=&#8221;.vc_custom_1719704727355{margin-top: 90px !important;}&#8221;][vc_column_text css=&#8221;&#8221;]Hotel Onyx \u00ebsht\u00eb nj\u00eb vendstrehim simpatik i vendosur n\u00eb nj\u00eb mjedis t\u00eb qet\u00eb t\u00eb pyjeve t\u00eb lashta dhe nj\u00eb lumi, n\u00eb zem\u00ebr t\u00eb Sijarinska Banja. Hoteli yn\u00eb ofron p\u00ebrzierjen e p\u00ebrsosur t\u00eb eleganc\u00ebs dhe relaksimit, duke e b\u00ebr\u00eb at\u00eb nj\u00eb destinacion ideal p\u00ebr nj\u00eb largim t\u00eb qet\u00eb. Me dizajnin e tij unik dhe mjedisin natyror, Hotel Onyx premton nj\u00eb p\u00ebrvoj\u00eb v\u00ebrtet t\u00eb paharrueshme p\u00ebr mysafir\u00ebt e tij. Hoteli p\u00ebrmban 25 nj\u00ebsi akomodimi, duke p\u00ebrfshir\u00eb dhoma dyshe, treshe dhe kat\u00ebrshe, si dhe suita. Ai p\u00ebrfshin gjithashtu nj\u00eb restorant me nj\u00eb kopsht unik veror me pamje nga pylli, ku mund t\u00eb pushoni dhe t\u00eb shijoni cic\u00ebrim\u00ebn e zogjve s\u00eb bashku me ushqimin dhe pijen tuaj t\u00eb preferuar. \u00c7do dhom\u00eb ose suit\u00eb ka banj\u00ebn e saj, TV inteligjent, Wi-Fi falas dhe minibar frigorifer. <a href=\"https:\/\/hotelonyx.rs\/wp-content\/uploads\/2025\/04\/Cmimorja.pdf\">Cmimorja<\/a> [\/vc_column_text][vc_custom_heading text=&#8221;Rreth Banj\u00ebs s\u00eb Sijarin\u00ebs&#8221; font_container=&#8221;tag:h3|text_align:left|color:%23252525&#8243; use_theme_fonts=&#8221;yes&#8221; css=&#8221;.vc_custom_1719704738562{margin-top: 90px !important;}&#8221;][vc_column_text css=&#8221;&#8221;]Banja e Sijarin\u00ebs, xhevahiri i rrethit t\u00eb Jabllanic\u00ebs, i vendosur n\u00eb rr\u00ebz\u00eb t\u00eb malit Gollak, \u00ebsht\u00eb i njohur kryesisht p\u00ebr gejzerin e tij t\u00eb ujit t\u00eb nxeht\u00eb, unik n\u00eb Evrop\u00ebn kontinentale, si dhe p\u00ebr burimet e shumta sh\u00ebruese dhe nj\u00eb atmosfer\u00eb paq\u00ebsore, duke e b\u00ebr\u00eb at\u00eb ideale p\u00ebr pushim dhe relaksim. . Tet\u00ebmb\u00ebdhjet\u00eb nga nj\u00ebzet e gjasht\u00eb burimet minerale n\u00eb zon\u00eb p\u00ebrdoren p\u00ebr q\u00ebllime terapeutike, secili me karakteristika t\u00eb ndryshme, duke ofruar k\u00ebshtu aplikime t\u00eb ndryshme terapeutike, qoft\u00eb duke pir\u00eb, duke u lar\u00eb apo duke thithur. P\u00ebr m\u00eb tep\u00ebr, vizitor\u00ebt mund t\u00eb shijojn\u00eb sh\u00ebtitjet n\u00ebp\u00ebr pyjet e lashta, t\u00eb angazhohen n\u00eb aktivitete sportive dhe rekreative n\u00eb pishina dhe gjykata, t\u00eb vizitojn\u00eb atraksionet turistike aty pran\u00eb ose t\u00eb eksplorojn\u00eb multikulturalizmin dhe traditat lokale.[\/vc_column_text][\/vc_column_inner][\/vc_row_inner][vc_row_inner][vc_column_inner][\/vc_column_inner][\/vc_row_inner][\/vc_column][vc_column width=&#8221;1\/2&#8243;]<div class=\"wpb_content_element ut-gallery-20  clearfix\"><style type=\"text\/css\">#ut_ig_69f5ba1cf288c .ut-lazy:not(.ut-image-loaded) + .ut-video-module-loading { display:block; }#ut_ig_69f5ba1cf288c .ut-lazy.ut-image-loaded + .ut-video-module-loading { display:none; }#ut_ig_69f5ba1cf288c .ut-animate-gallery-element { opacity: 0; }#ut_ig_69f5ba1cf288c .ut-image-gallery-item-caption-title h3 { font-weight: 100; }<\/style><div id=\"ut_ig_69f5ba1cf288c\" class=\"ut-image-gallery ut-image-gallery-module  ut-image-gallery-20 clearfix\" data-settings=\"{&quot;animate&quot;:true,&quot;effect&quot;:&quot;fadeIn&quot;,&quot;lazy&quot;:true,&quot;delay_animation&quot;:true,&quot;global_delay_animation&quot;:false,&quot;delay_timer&quot;:&quot;100&quot;,&quot;global_delay_timer&quot;:100}\" ><div data-effect=\"fadeIn\" data-animateonce=\"yes\" data-count=\"4\" class=\"ut-image-gallery-item ut-animate-gallery-element animated ut-no-animation-tablet ut-no-animation-mobile  grid-50 tablet-grid-50 mobile-grid-100\"><a  class=\"ut-vc-images-lightbox ut-vc-images-lightbox-group-image\"  data-exthumbimage=\"https:\/\/hotelonyx.rs\/wp-content\/uploads\/2024\/06\/a-IMG_8983-200x200.jpg\" href=\"https:\/\/hotelonyx.rs\/wp-content\/uploads\/2024\/06\/a-IMG_8983-540x720.jpg\" ><div class=\"ut-image-gallery-image\" ><img loading=\"lazy\" decoding=\"async\"  class=\" ut-lazy skip-lazy\" src=\"data:image\/svg+xml;charset=utf-8,%3Csvg xmlns%3D'http%3A%2F%2Fwww.w3.org%2F2000%2Fsvg' viewBox%3D'0 0 1300 867'%2F%3E\" data-src=\"https:\/\/hotelonyx.rs\/wp-content\/uploads\/2024\/06\/a-IMG_8983-960x867-1300x867.jpg\" width=\"1300\" height=\"867\"><div class=\"ut-image-gallery-image-caption\"><div class=\"ut-image-gallery-item-caption-title\"><h3 class=\"ut-image-gallery-empty-title\">+<\/h3><\/div><\/div><\/div><\/a><\/div><div data-effect=\"fadeIn\" data-animateonce=\"yes\" data-count=\"2\" class=\"ut-image-gallery-item ut-animate-gallery-element animated ut-no-animation-tablet ut-no-animation-mobile   grid-50 tablet-grid-50 mobile-grid-100 ut-desktop-last\"><a  class=\"ut-vc-images-lightbox ut-vc-images-lightbox-group-image\"  data-exthumbimage=\"https:\/\/hotelonyx.rs\/wp-content\/uploads\/2024\/06\/a-IMG_9173-200x200.jpg\" href=\"https:\/\/hotelonyx.rs\/wp-content\/uploads\/2024\/06\/a-IMG_9173-540x720.jpg\" ><div class=\"ut-image-gallery-image\" ><img loading=\"lazy\" decoding=\"async\"  class=\" ut-lazy skip-lazy\" src=\"data:image\/svg+xml;charset=utf-8,%3Csvg xmlns%3D'http%3A%2F%2Fwww.w3.org%2F2000%2Fsvg' viewBox%3D'0 0 1300 867'%2F%3E\" data-src=\"https:\/\/hotelonyx.rs\/wp-content\/uploads\/2024\/06\/a-IMG_9173-960x867-1300x867.jpg\" width=\"1300\" height=\"867\"><div class=\"ut-image-gallery-image-caption\"><div class=\"ut-image-gallery-item-caption-title\"><h3 class=\"ut-image-gallery-empty-title\">+<\/h3><\/div><\/div><\/div><\/a><\/div><div class=\"clear hide-on-tablet\"><\/div><div data-effect=\"fadeIn\" data-animateonce=\"yes\" data-count=\"2\" class=\"ut-image-gallery-item ut-animate-gallery-element animated ut-no-animation-tablet ut-no-animation-mobile    grid-50 tablet-grid-50 mobile-grid-100 ut-tablet-last\"><a  class=\"ut-vc-images-lightbox ut-vc-images-lightbox-group-image\"  data-exthumbimage=\"https:\/\/hotelonyx.rs\/wp-content\/uploads\/2024\/06\/w-IMG_9480-200x200.jpg\" href=\"https:\/\/hotelonyx.rs\/wp-content\/uploads\/2024\/06\/w-IMG_9480-1202x720.jpg\" ><div class=\"ut-image-gallery-image\" ><img loading=\"lazy\" decoding=\"async\"  class=\" ut-lazy skip-lazy\" src=\"data:image\/svg+xml;charset=utf-8,%3Csvg xmlns%3D'http%3A%2F%2Fwww.w3.org%2F2000%2Fsvg' viewBox%3D'0 0 1300 867'%2F%3E\" data-src=\"https:\/\/hotelonyx.rs\/wp-content\/uploads\/2024\/06\/w-IMG_9480-1300x867.jpg\" width=\"1300\" height=\"867\"><div class=\"ut-image-gallery-image-caption\"><div class=\"ut-image-gallery-item-caption-title\"><h3 class=\"ut-image-gallery-empty-title\">+<\/h3><\/div><\/div><\/div><\/a><\/div><div class=\"clear hide-on-desktop hide-on-tablet\"><\/div><div data-effect=\"fadeIn\" data-animateonce=\"yes\" data-count=\"2\" class=\"ut-image-gallery-item ut-animate-gallery-element animated ut-no-animation-tablet ut-no-animation-mobile     grid-50 tablet-grid-50 mobile-grid-100\"><a  class=\"ut-vc-images-lightbox ut-vc-images-lightbox-group-image\"  data-exthumbimage=\"https:\/\/hotelonyx.rs\/wp-content\/uploads\/2024\/06\/c-IMG_9088-200x200.jpg\" href=\"https:\/\/hotelonyx.rs\/wp-content\/uploads\/2024\/06\/c-IMG_9088-540x720.jpg\" ><div class=\"ut-image-gallery-image\" ><img loading=\"lazy\" decoding=\"async\"  class=\" ut-lazy skip-lazy\" src=\"data:image\/svg+xml;charset=utf-8,%3Csvg xmlns%3D'http%3A%2F%2Fwww.w3.org%2F2000%2Fsvg' viewBox%3D'0 0 1300 867'%2F%3E\" data-src=\"https:\/\/hotelonyx.rs\/wp-content\/uploads\/2024\/06\/c-IMG_9088-960x867-1300x867.jpg\" width=\"1300\" height=\"867\"><div class=\"ut-image-gallery-image-caption\"><div class=\"ut-image-gallery-item-caption-title\"><h3 class=\"ut-image-gallery-empty-title\">+<\/h3><\/div><\/div><\/div><\/a><\/div><div class=\"ut-image-gallery-sizer\"><\/div><div class=\"clear\"><\/div><\/div><\/div>[\/vc_column][\/vc_row]<\/p>\n<p>&nbsp;<\/p>\n<\/div>","protected":false},"excerpt":{"rendered":"<p>[vc_row full_width=&#8221;stretch_row_content&#8221; css=&#8221;.vc_custom_1477926378383{padding-right: 30px !important;padding-left: 30px !important;}&#8221;][vc_column width=&#8221;1\/2&#8243;][vc_row_inner][vc_column_inner][vc_custom_heading text=&#8221;Rreth Hotelit&#8221; font_container=&#8221;tag:h3|text_align:left|color:%23252525&#8243; use_theme_fonts=&#8221;yes&#8221; css=&#8221;.vc_custom_1719704727355{margin-top: 90px !important;}&#8221;][vc_column_text css=&#8221;&#8221;]Hotel Onyx \u00ebsht\u00eb nj\u00eb vendstrehim simpatik i vendosur n\u00eb nj\u00eb mjedis t\u00eb qet\u00eb t\u00eb pyjeve t\u00eb lashta dhe nj\u00eb lumi, n\u00eb zem\u00ebr t\u00eb Sijarinska Banja. Hoteli yn\u00eb ofron p\u00ebrzierjen e p\u00ebrsosur t\u00eb eleganc\u00ebs dhe relaksimit, duke e b\u00ebr\u00eb at\u00eb nj\u00eb [&hellip;]<\/p>\n","protected":false},"author":1,"featured_media":0,"parent":0,"menu_order":0,"comment_status":"closed","ping_status":"closed","template":"","meta":{"footnotes":""},"class_list":["post-2970","page","type-page","status-publish","hentry"],"_links":{"self":[{"href":"https:\/\/hotelonyx.rs\/sq\/wp-json\/wp\/v2\/pages\/2970","targetHints":{"allow":["GET"]}}],"collection":[{"href":"https:\/\/hotelonyx.rs\/sq\/wp-json\/wp\/v2\/pages"}],"about":[{"href":"https:\/\/hotelonyx.rs\/sq\/wp-json\/wp\/v2\/types\/page"}],"author":[{"embeddable":true,"href":"https:\/\/hotelonyx.rs\/sq\/wp-json\/wp\/v2\/users\/1"}],"replies":[{"embeddable":true,"href":"https:\/\/hotelonyx.rs\/sq\/wp-json\/wp\/v2\/comments?post=2970"}],"version-history":[{"count":6,"href":"https:\/\/hotelonyx.rs\/sq\/wp-json\/wp\/v2\/pages\/2970\/revisions"}],"predecessor-version":[{"id":3200,"href":"https:\/\/hotelonyx.rs\/sq\/wp-json\/wp\/v2\/pages\/2970\/revisions\/3200"}],"wp:attachment":[{"href":"https:\/\/hotelonyx.rs\/sq\/wp-json\/wp\/v2\/media?parent=2970"}],"curies":[{"name":"wp","href":"https:\/\/api.w.org\/{rel}","templated":true}]}}